{"id":334,"date":"2023-01-21T12:05:15","date_gmt":"2023-01-21T12:05:15","guid":{"rendered":"http:\/\/csepelipszichologus.com\/?page_id=334"},"modified":"2023-01-22T14:04:24","modified_gmt":"2023-01-22T14:04:24","slug":"334-2","status":"publish","type":"page","link":"https:\/\/csepelipszichologus.com\/","title":{"rendered":""},"content":{"rendered":"\n<p style=\"font-size:15px\"><font _mstmutation=\"1\" _msthash=\"1126203\">A v\u00e1ltoz\u00e1s az \u00e9let term\u00e9szetes velej\u00e1r\u00f3ja. Ahogyan a term\u00e9szetben is jelen van a ciklikuss\u00e1g, \u00fagy \u00e9letutunkat szeml\u00e9lve szem\u00e9lyis\u00e9g\u00fcnk fejl\u0151d\u00e9s\u00e9ben, p\u00e1rkapcsolatunkban \u00e9s csal\u00e1di \u00e9let\u00fcnkben is vannak jelent\u0151s m\u00e9rf\u00f6ldk\u00f6vek, amelyek magukkal hozz\u00e1k a v\u00e1ltoz\u00e1s sz\u00fcks\u00e9gess\u00e9g\u00e9t. Az egyik ilyen kit\u00fcntetett \u00e9letszakasz a csal\u00e1dd\u00e1 v\u00e1l\u00e1s id\u0151szaka is, amely sz\u00e1mos l\u00e9lektani folyamattal, \u00e1talakul\u00e1ssal j\u00e1r egy\u00fctt. Egy\u00e9nileg zajlik az any\u00e1v\u00e1\/ap\u00e1v\u00e1 v\u00e1l\u00e1s folyamata, a p\u00e1rkapcsolati t\u00e9rben helyet kell teremteni a k\u00f6z\u00f6s gyermeknek, tov\u00e1bb\u00e1 gener\u00e1ci\u00f3s szinten is \u00e1trendez\u0151dnek a csal\u00e1di kapcsolatok. Szakmai munk\u00e1m sor\u00e1n ez az a peri\u00f3dus, amelyben k\u00eds\u00e9rem a hozz\u00e1m fordul\u00f3kat, egy\u00e9nileg \u00e9s p\u00e1rter\u00e1pi\u00e1s keretek k\u00f6z\u00f6tt egyar\u00e1nt.<\/font><\/p>\n","protected":false},"excerpt":{"rendered":"<p>A v\u00e1ltoz\u00e1s az \u00e9let term\u00e9szetes velej\u00e1r\u00f3ja. Ahogyan a term\u00e9szetben is &hellip; <\/p>\n","protected":false},"author":2,"featured_media":0,"parent":0,"menu_order":0,"comment_status":"closed","ping_status":"closed","template":"","meta":[],"_links":{"self":[{"href":"https:\/\/csepelipszichologus.com\/index.php?rest_route=\/wp\/v2\/pages\/334"}],"collection":[{"href":"https:\/\/csepelipszichologus.com\/index.php?rest_route=\/wp\/v2\/pages"}],"about":[{"href":"https:\/\/csepelipszichologus.com\/index.php?rest_route=\/wp\/v2\/types\/page"}],"author":[{"embeddable":true,"href":"https:\/\/csepelipszichologus.com\/index.php?rest_route=\/wp\/v2\/users\/2"}],"replies":[{"embeddable":true,"href":"https:\/\/csepelipszichologus.com\/index.php?rest_route=%2Fwp%2Fv2%2Fcomments&post=334"}],"version-history":[{"count":6,"href":"https:\/\/csepelipszichologus.com\/index.php?rest_route=\/wp\/v2\/pages\/334\/revisions"}],"predecessor-version":[{"id":498,"href":"https:\/\/csepelipszichologus.com\/index.php?rest_route=\/wp\/v2\/pages\/334\/revisions\/498"}],"wp:attachment":[{"href":"https:\/\/csepelipszichologus.com\/index.php?rest_route=%2Fwp%2Fv2%2Fmedia&parent=334"}],"curies":[{"name":"wp","href":"https:\/\/api.w.org\/{rel}","templated":true}]}}