{"id":34,"date":"2023-01-02T12:29:01","date_gmt":"2023-01-02T12:29:01","guid":{"rendered":"http:\/\/csepelipszichologus.com\/?page_id=34"},"modified":"2025-10-01T21:18:58","modified_gmt":"2025-10-01T19:18:58","slug":"parterapia","status":"publish","type":"page","link":"https:\/\/csepelipszichologus.com\/?page_id=34","title":{"rendered":"P\u00e1rter\u00e1pia"},"content":{"rendered":"\n<p><font _mstmutation=\"1\" _msthash=\"1042275\"><\/font><\/p>\n\n\n\n<p><font _mstmutation=\"1\" _msthash=\"1080561\"><\/font><\/p>\n\n\n\n<p style=\"font-size:18px\">K\u00e9pz\u00e9sben l\u00e9v\u0151 p\u00e1r- \u00e9s csal\u00e1dterapeutak\u00e9nt szuperv\u00edzi\u00f3s t\u00e1mogat\u00e1s mellett v\u00e1rjuk azon p\u00e1rok jelentkez\u00e9s\u00e9t, akik \u00fagy \u00e9rzik, neh\u00e9zs\u00e9gekkel k\u00fczdenek a p\u00e1rkapcsolati\/csal\u00e1di \u00e9let\u00fck sor\u00e1n, amelyeket pr\u00f3b\u00e1lkoz\u00e1saik ellen\u00e9re nem siker\u00fcl megoldaniuk, \u00e9s szeretn\u00e9k jobban meg\u00e9rteni a helyzet\u00fcket, \u00f6nmaguk \u00e9s t\u00e1rsuk reakci\u00f3it, kapcsolati dinamik\u00e1juk m\u0171k\u00f6d\u00e9sm\u00f3dj\u00e1t, s k\u00f6z\u00f6sen tenni egy harmonikusabb, kiegyens\u00falyozottabb p\u00e1rkapcsolat kialak\u00edt\u00e1s\u00e1\u00e9rt. &nbsp;<\/p>\n\n\n\n<figure class=\"wp-block-image size-full is-style-default\"><img decoding=\"async\" loading=\"lazy\" width=\"2000\" height=\"1333\" src=\"https:\/\/csepelipszichologus.com\/wp-content\/uploads\/2023\/01\/parteapia-modositott.jpg\" alt=\"\" class=\"wp-image-371\"\/><figcaption class=\"wp-element-caption\"><font _mstmutation=\"1\" _msthash=\"0\"><\/font><\/figcaption><\/figure>\n\n\n\n<p style=\"font-size:18px\">Perinat\u00e1lis t\u00e9m\u00e1kban val\u00f3 j\u00e1rtass\u00e1gom miatt a leggyakrabban a csal\u00e1dd\u00e1 v\u00e1l\u00e1s \u00e9s a kisgyermekes id\u0151szakban dolgozom p\u00e1rokkal, csal\u00e1dokkal:<\/p>\n\n\n\n<ul>\n<li>elk\u00f6telez\u0151d\u00e9si neh\u00e9zs\u00e9gek<\/li>\n\n\n\n<li>kommunik\u00e1ci\u00f3s probl\u00e9m\u00e1k, ig\u00e9nyek \u00e9s sz\u00fcks\u00e9gletek kifejez\u00e9s\u00e9nek neh\u00e9zs\u00e9ge<\/li>\n\n\n\n<li>v\u00e1ratlan kr\u00edzishelyzetek a csal\u00e1dban<\/li>\n\n\n\n<li>term\u00e9kenys\u00e9gi nehez\u00edtetts\u00e9g miatti p\u00e1rkapcsolati probl\u00e9m\u00e1k<\/li>\n\n\n\n<li>vesztes\u00e9gfeldolgoz\u00e1s (babaveszt\u00e9s, beteg gyermek \u00e9rkez\u00e9se)<\/li>\n\n\n\n<li>csal\u00e1dd\u00e1 v\u00e1l\u00e1s sor\u00e1n p\u00e1rkapcsolati neh\u00e9zs\u00e9gek, elt\u00e1volod\u00e1s<\/li>\n\n\n\n<li>sz\u00fcl\u0151i szerepek kiegyens\u00falyozatlans\u00e1ga, gyereknevel\u00e9ssel kapcsolatos k\u00e9rd\u00e9sek<\/li>\n\n\n\n<li>harmadik f\u00e9l a p\u00e1rkapcsolatban, bizalomveszt\u00e9s<\/li>\n\n\n\n<li>v\u00e1l\u00e1si folyamat seg\u00edt\u00e9se<\/li>\n<\/ul>\n\n\n\n<p style=\"font-size:18px\"> A konzult\u00e1ci\u00f3k k\u00e9thetente, m\u00e1sf\u00e9l \u00f3r\u00e1ban zajlanak. Az els\u0151 n\u00e9h\u00e1ny \u00fcl\u00e9s sor\u00e1n felt\u00e9rk\u00e9pezz\u00fck az aktu\u00e1lis neh\u00e9zs\u00e9geket, \u00e1ttekintj\u00fck a p\u00e1rkapcsolat t\u00f6rt\u00e9net\u00e9t, dolgozunk a sz\u00e1rmaz\u00e1si csal\u00e1dokb\u00f3l hozott mint\u00e1kkal. A probl\u00e9mafelt\u00e1r\u00f3 szakaszt k\u00f6vet\u0151 ter\u00e1pi\u00e1s f\u00e1zisban egy k\u00f6z\u00f6sen \u00e1tbesz\u00e9lt c\u00e9l fel\u00e9 haladva feladatok, gyakorlatok sor\u00e1n dolgozunk kommunik\u00e1ci\u00f3s, \u00f6nreflexi\u00f3s, emp\u00e1ti\u00e1s \u00e9s mentaliz\u00e1ci\u00f3s k\u00e9szs\u00e9gek fejleszt\u00e9s\u00e9n is. Munk\u00e1nk sor\u00e1n nagy hangs\u00falyt fektet\u00fcnk az egy\u00e9ni \u00e9s a kapcsolati er\u0151forr\u00e1sokra, amelyek seg\u00edtik az aktu\u00e1lis neh\u00e9zs\u00e9gekkel val\u00f3 megk\u00fczd\u00e9st.<\/p>\n\n\n\n<p style=\"font-size:18px\">A p\u00e1rter\u00e1pi\u00e1s \u00fcl\u00e9sek mindig kett\u0151s vezet\u00e9ssel zajlanak, ami azt jelenti, hogy 2 szakember \u00e1ll az \u00d6n\u00f6k rendelkez\u00e9s\u00e9re. Terapeutat\u00e1rsam <strong>F\u00fcl\u00f6p Kata \u00c1gnes<\/strong>, pszichol\u00f3gus, sz\u00fcl\u0151-csecsem\u0151 kapcsolati konzulens, k\u00e9pz\u00e9sben l\u00e9v\u0151 p\u00e1rterapeuta. <\/p>\n\n\n\n<p style=\"font-size:18px\">Jelenleg a p\u00e1rter\u00e1pi\u00e1s konzult\u00e1ci\u00f3k\u00a0Csepelen, a <strong>Test-besz\u00e9d rendel\u0151<\/strong>ben zajlanak. <\/p>\n\n\n\n<p style=\"font-size:18px\">Bejelentkez\u00e9s: szk.hajni88@gmail.com c\u00edmen. <\/p>\n\n\n\n<p>V\u00e1rjuk \u00d6n\u00f6ket szeretettel!<\/p>\n\n\n\n<p style=\"font-size:18px\"><font _mstmutation=\"1\" _msthash=\"959816\"><\/p>\n","protected":false},"excerpt":{"rendered":"<p>K\u00e9pz\u00e9sben l\u00e9v\u0151 p\u00e1r- \u00e9s csal\u00e1dterapeutak\u00e9nt szuperv\u00edzi\u00f3s t\u00e1mogat\u00e1s mellett v\u00e1rjuk azon &hellip; <\/p>\n","protected":false},"author":2,"featured_media":414,"parent":0,"menu_order":1,"comment_status":"closed","ping_status":"closed","template":"","meta":[],"_links":{"self":[{"href":"https:\/\/csepelipszichologus.com\/index.php?rest_route=\/wp\/v2\/pages\/34"}],"collection":[{"href":"https:\/\/csepelipszichologus.com\/index.php?rest_route=\/wp\/v2\/pages"}],"about":[{"href":"https:\/\/csepelipszichologus.com\/index.php?rest_route=\/wp\/v2\/types\/page"}],"author":[{"embeddable":true,"href":"https:\/\/csepelipszichologus.com\/index.php?rest_route=\/wp\/v2\/users\/2"}],"replies":[{"embeddable":true,"href":"https:\/\/csepelipszichologus.com\/index.php?rest_route=%2Fwp%2Fv2%2Fcomments&post=34"}],"version-history":[{"count":23,"href":"https:\/\/csepelipszichologus.com\/index.php?rest_route=\/wp\/v2\/pages\/34\/revisions"}],"predecessor-version":[{"id":540,"href":"https:\/\/csepelipszichologus.com\/index.php?rest_route=\/wp\/v2\/pages\/34\/revisions\/540"}],"wp:featuredmedia":[{"embeddable":true,"href":"https:\/\/csepelipszichologus.com\/index.php?rest_route=\/wp\/v2\/media\/414"}],"wp:attachment":[{"href":"https:\/\/csepelipszichologus.com\/index.php?rest_route=%2Fwp%2Fv2%2Fmedia&parent=34"}],"curies":[{"name":"wp","href":"https:\/\/api.w.org\/{rel}","templated":true}]}}