{"id":43,"date":"2023-01-03T20:46:10","date_gmt":"2023-01-03T20:46:10","guid":{"rendered":"http:\/\/csepelipszichologus.com\/?page_id=43"},"modified":"2023-01-22T21:33:59","modified_gmt":"2023-01-22T21:33:59","slug":"perinatalis-szaktanacsadas","status":"publish","type":"page","link":"https:\/\/csepelipszichologus.com\/?page_id=43","title":{"rendered":"Perinat\u00e1lis szaktan\u00e1csad\u00e1s"},"content":{"rendered":"\n<div class=\"is-layout-flex wp-container-6 wp-block-columns\">\n<div class=\"is-layout-flow wp-block-column\" style=\"flex-basis:250px\">\n<div class=\"is-layout-flex wp-container-2 wp-block-columns\">\n<div class=\"is-layout-flow wp-block-column\" style=\"flex-basis:100%\">\n<p><font _mstmutation=\"1\" _msthash=\"1079299\"><font _mstmutation=\"1\" _msthash=\"1060011\"><\/font><\/font><\/p>\n<\/div>\n<\/div>\n\n\n\n<p><font _mstmutation=\"1\" _msthash=\"1027715\"><\/font><\/p>\n\n\n\n<p class=\"has-medium-font-size\"><font _mstmutation=\"1\" _msthash=\"1052015\" _msttexthash=\"24820484\">Perinat\u00e1lis szaktan\u00e1csad\u00e1s keretein bel\u00fcl lehet\u0151s\u00e9ge van a kisbaba tervez\u00e9s\u00e9t\u0151l eg\u00e9szen a kisgyermekkor v\u00e9g\u00e9ig (3 \u00e9ves kor) tart\u00f3 id\u0151szakban felmer\u00fcl\u0151 k\u00e9rd\u00e9sei, neh\u00e9zs\u00e9gei \u00e1tbesz\u00e9l\u00e9s\u00e9re.\u00a0<\/font><font _mstmutation=\"1\" _msthash=\"932191\"><\/p>\n\n\n\n<p class=\"has-medium-font-size\"><font _mstmutation=\"1\" _msthash=\"1018394\" _msttexthash=\"2820818\">Az \u00fcl\u00e9sek jelenleg online form\u00e1ban zajlanak, id\u0151tartamuk 50 perc. <\/font><\/p>\n\n\n\n<p class=\"has-medium-font-size\"><font _mstmutation=\"1\" _msthash=\"1103287\" _msttexthash=\"5933018\">Tavaszt\u00f3l v\u00e1rhat\u00f3an szem\u00e9lyes \u00fcl\u00e9sekre is lesz lehet\u0151s\u00e9g, Budapest 21. ker\u00fclet\u00e9ben, Csepelen. <\/font><font _mstmutation=\"1\" _msthash=\"32434\"><font _mstmutation=\"1\" _msthash=\"32434\"><font _mstmutation=\"1\" _msthash=\"32434\"><font _mstmutation=\"1\" _msthash=\"97983\"><\/font><\/font><\/font><\/font><\/p>\n<\/div>\n\n\n\n<div class=\"is-layout-flow wp-block-column\" style=\"flex-basis:5px\"><\/div>\n\n\n\n<div class=\"is-layout-flow wp-block-column\" style=\"flex-basis:50%\">\n<figure class=\"wp-block-image size-full is-resized is-style-default\"><img decoding=\"async\" loading=\"lazy\" src=\".\/wp-content\/uploads\/2023\/01\/perinat-kep-vegleges.jpg\" alt=\"\" class=\"wp-image-352\" width=\"764\" height=\"612\"\/><figcaption><font _mstmutation=\"1\" _msthash=\"1172873\"><\/font><\/figcaption><\/figure>\n<\/div>\n<\/div>\n\n\n\n<p class=\"has-medium-font-size\"> Egy\u00e9ni tan\u00e1csad\u00e1s keret\u00e9n bel\u00fcl fordulhat hozz\u00e1m: <font _mstmutation=\"1\" _msthash=\"1054664\"><\/font><\/p>\n\n\n\n<ul class=\"has-medium-font-size\"><li>nehez\u00edtett gyermek\u00e1ld\u00e1s eset\u00e9n<\/li><li>v\u00e1rand\u00f3ss\u00e1g sor\u00e1n felmer\u00fcl\u0151 k\u00e9rd\u00e9sek, neh\u00e9zs\u00e9gek eset\u00e9n<\/li><li>babaveszt\u00e9s eset\u00e9n<\/li><li>sz\u00fcl\u00e9sre val\u00f3 felk\u00e9sz\u00fcl\u00e9s sor\u00e1n<\/li><li>sz\u00fcl\u00e9st\u0151l val\u00f3 intenz\u00edv f\u00e9lelem eset\u00e9n<\/li><li>cs\u00e1sz\u00e1rmetsz\u00e9sre val\u00f3 felk\u00e9sz\u00fcl\u00e9s sor\u00e1n<\/li><li>sz\u00fcl\u00e9s\u00e9lm\u00e9ny feldolgoz\u00e1sa kapcs\u00e1n<\/li><li>gyermek\u00e1gyas id\u0151szakban felmer\u00fcl\u0151 k\u00e9rd\u00e9sek eset\u00e9n<\/li><li>csal\u00e1dd\u00e1 v\u00e1l\u00e1s neh\u00e9zs\u00e9gei kapcs\u00e1n<\/li><li>kisgyermekes id\u0151szakban felmer\u00fcl\u0151 neh\u00e9zs\u00e9gek, k\u00e9rd\u00e9sek \u00e1tbesz\u00e9l\u00e9se c\u00e9lj\u00e1b\u00f3l.<font _mstmutation=\"1\" _msthash=\"1\"><\/font><\/li><\/ul>\n\n\n\n<p class=\"has-medium-font-size\">V\u00e1rom megkeres\u00e9s\u00e9t!<\/p>\n","protected":false},"excerpt":{"rendered":"<p>Perinat\u00e1lis szaktan\u00e1csad\u00e1s keretein bel\u00fcl lehet\u0151s\u00e9ge van a kisbaba tervez\u00e9s\u00e9t\u0151l eg\u00e9szen &hellip; <\/p>\n","protected":false},"author":2,"featured_media":377,"parent":0,"menu_order":0,"comment_status":"closed","ping_status":"closed","template":"","meta":[],"_links":{"self":[{"href":"https:\/\/csepelipszichologus.com\/index.php?rest_route=\/wp\/v2\/pages\/43"}],"collection":[{"href":"https:\/\/csepelipszichologus.com\/index.php?rest_route=\/wp\/v2\/pages"}],"about":[{"href":"https:\/\/csepelipszichologus.com\/index.php?rest_route=\/wp\/v2\/types\/page"}],"author":[{"embeddable":true,"href":"https:\/\/csepelipszichologus.com\/index.php?rest_route=\/wp\/v2\/users\/2"}],"replies":[{"embeddable":true,"href":"https:\/\/csepelipszichologus.com\/index.php?rest_route=%2Fwp%2Fv2%2Fcomments&post=43"}],"version-history":[{"count":19,"href":"https:\/\/csepelipszichologus.com\/index.php?rest_route=\/wp\/v2\/pages\/43\/revisions"}],"predecessor-version":[{"id":458,"href":"https:\/\/csepelipszichologus.com\/index.php?rest_route=\/wp\/v2\/pages\/43\/revisions\/458"}],"wp:featuredmedia":[{"embeddable":true,"href":"https:\/\/csepelipszichologus.com\/index.php?rest_route=\/wp\/v2\/media\/377"}],"wp:attachment":[{"href":"https:\/\/csepelipszichologus.com\/index.php?rest_route=%2Fwp%2Fv2%2Fmedia&parent=43"}],"curies":[{"name":"wp","href":"https:\/\/api.w.org\/{rel}","templated":true}]}}