{"id":49,"date":"2023-01-02T13:08:38","date_gmt":"2023-01-02T13:08:38","guid":{"rendered":"http:\/\/csepelipszichologus.com\/?page_id=49"},"modified":"2025-10-01T21:46:17","modified_gmt":"2025-10-01T19:46:17","slug":"elerhetosegek","status":"publish","type":"page","link":"https:\/\/csepelipszichologus.com\/?page_id=49","title":{"rendered":"El\u00e9rhet\u0151s\u00e9gek"},"content":{"rendered":"\n<p class=\"has-medium-font-size\">KAPCSOLATFELV\u00c9TEL<\/p>\n\n\n\n<p class=\"has-medium-font-size\"><font style=\"vertical-align: inherit;\"><font style=\"vertical-align: inherit;\">Telefon <\/font><\/font><font _mstmutation=\"1\" _msthash=\"1107654\" _msttexthash=\"9460646\"><strong><font style=\"vertical-align: inherit;\"><em><font style=\"vertical-align: inherit;\">+<\/font><\/em><\/font><\/strong><\/font><font style=\"vertical-align: inherit;\"><font style=\"vertical-align: inherit;\" _msthash=\"62703\" _msttexthash=\"9308286\"><strong><em>36204469059<\/em><\/strong><\/font><\/font><\/p>\n\n\n\n<p class=\"has-medium-font-size\">Email: <strong>szk.hajni88 @ gmail.com<\/strong>  <\/p>\n\n\n\n<p class=\"has-medium-font-size\">HELYSZ\u00cdN<\/p>\n\n\n\n<p class=\"has-medium-font-size\">Jelenleg az \u00fcl\u00e9sek el\u0151zetesen egyeztetett id\u0151pontban <strong>szem\u00e9lyesen<\/strong> vagy <strong>online platformon<\/strong> t\u00f6rt\u00e9nnek.<\/p>\n\n\n\n<p class=\"has-medium-font-size\">Csepelen a<strong> Test-besz\u00e9d mag\u00e1nrendel\u0151<\/strong>ben v\u00e1rom szeretettel a hozz\u00e1m fordul\u00f3kat. <\/p>\n\n\n\n<p class=\"has-medium-font-size\">https:\/\/www.testbesz\u00e9d.hu<font _mstmutation=\"1\"><\/p>\n\n\n\n<p class=\"has-medium-font-size\">C\u00edm: 1211 Budapest, Ady Endre \u00fat 3. FSZT. 4. <\/p>\n\n\n\n<p><\/p>\n\n\n\n<p><strong>Megk\u00f6zel\u00edthet\u0151s\u00e9g<\/strong>:<\/p>\n\n\n\n<ul>\n<li>Szem\u00e9lyg\u00e9pkocsival ingyenesen parkolhatnak a h\u00e1z el\u0151tt.<\/li>\n\n\n\n<li>T\u00f6megk\u00f6zleked\u00e9ssel:\n<ul>\n<li>a Bor\u00e1ros t\u00e9rr\u0151l (Pet\u0151fi h\u00edd) indul\u00f3 H7-es Csepeli h\u00e9v Szent Imre t\u00e9ri meg\u00e1ll\u00f3j\u00e1t\u00f3l p\u00e1r perc s\u00e9t\u00e1nyira tal\u00e1lhat\u00f3 a rendel\u0151<\/li>\n\n\n\n<li>35, 36, 148, 151-es buszokkal szint\u00e9n k\u00f6nnyed\u00e9n eljuthatnak hozz\u00e1nk. <\/li>\n<\/ul>\n<\/li>\n<\/ul>\n\n\n\n<center><iframe src=\"https:\/\/www.google.com\/maps\/embed?pb=!1m18!1m12!1m3!1d86381.35558276241!2d18.996102700766546!3d47.42330462186528!2m3!1f0!2f0!3f0!3m2!1i1024!2i768!4f13.1!3m3!1m2!1s0x4741e7ee650b9249%3A0x500c4290c1ed680!2sBudapest%2C%20XXI.%20ker%C3%BClet!5e0!3m2!1shu!2shu!4v1677844639043!5m2!1shu!2shu\" width=\"600\" height=\"450\" style=\"border:0;\" allowfullscreen=\"\" loading=\"lazy\" referrerpolicy=\"no-referrer-when-downgrade\"><\/iframe><\/center>\n\n\n\n<p class=\"has-medium-font-size\">V\u00e1rom megkeres\u00e9s\u00e9t!<\/p>\n\n\n\n<p class=\"has-medium-font-size\">Hajnalka<\/p>\n","protected":false},"excerpt":{"rendered":"<p>KAPCSOLATFELV\u00c9TEL Telefon +36204469059 Email: szk.hajni88 @ gmail.com HELYSZ\u00cdN Jelenleg az &hellip; <\/p>\n","protected":false},"author":2,"featured_media":415,"parent":0,"menu_order":0,"comment_status":"closed","ping_status":"closed","template":"","meta":[],"_links":{"self":[{"href":"https:\/\/csepelipszichologus.com\/index.php?rest_route=\/wp\/v2\/pages\/49"}],"collection":[{"href":"https:\/\/csepelipszichologus.com\/index.php?rest_route=\/wp\/v2\/pages"}],"about":[{"href":"https:\/\/csepelipszichologus.com\/index.php?rest_route=\/wp\/v2\/types\/page"}],"author":[{"embeddable":true,"href":"https:\/\/csepelipszichologus.com\/index.php?rest_route=\/wp\/v2\/users\/2"}],"replies":[{"embeddable":true,"href":"https:\/\/csepelipszichologus.com\/index.php?rest_route=%2Fwp%2Fv2%2Fcomments&post=49"}],"version-history":[{"count":22,"href":"https:\/\/csepelipszichologus.com\/index.php?rest_route=\/wp\/v2\/pages\/49\/revisions"}],"predecessor-version":[{"id":549,"href":"https:\/\/csepelipszichologus.com\/index.php?rest_route=\/wp\/v2\/pages\/49\/revisions\/549"}],"wp:featuredmedia":[{"embeddable":true,"href":"https:\/\/csepelipszichologus.com\/index.php?rest_route=\/wp\/v2\/media\/415"}],"wp:attachment":[{"href":"https:\/\/csepelipszichologus.com\/index.php?rest_route=%2Fwp%2Fv2%2Fmedia&parent=49"}],"curies":[{"name":"wp","href":"https:\/\/api.w.org\/{rel}","templated":true}]}}