{"id":61,"date":"2023-01-03T20:47:40","date_gmt":"2023-01-03T20:47:40","guid":{"rendered":"http:\/\/csepelipszichologus.com\/?page_id=61"},"modified":"2023-01-22T20:09:58","modified_gmt":"2023-01-22T20:09:58","slug":"vesztesegfeldolgozas","status":"publish","type":"page","link":"https:\/\/csepelipszichologus.com\/?page_id=61","title":{"rendered":"Gy\u00e1szk\u00eds\u00e9r\u00e9s"},"content":{"rendered":"\n<p class=\"has-medium-font-size\">PERINAT\u00c1LIS VESZTES\u00c9GEK<\/p>\n\n\n\n<p class=\"has-medium-font-size\">Minden 4. n\u0151 \u00e9rintett a perinat\u00e1lis vesztes\u00e9g valamilyen form\u00e1j\u00e1ban. Ide tartozik az els\u0151 trimeszteri vet\u00e9l\u00e9s, a m\u00e1sodik \u00e9s a harmadik trimeszterben el\u0151fordul\u00f3 magzathal\u00e1l \u00e9s a sz\u00fcl\u00e9s k\u00f6r\u00fcli id\u0151szakban bek\u00f6vetkez\u0151 \u00fajsz\u00fcl\u00f6tt hal\u00e1loz\u00e1s, illetve a terhess\u00e9gmegszak\u00edt\u00e1sok is.<\/p>\n\n\n\n<p class=\"has-medium-font-size\">Annak ellen\u00e9re, hogy nagyon gyakori jelens\u00e9gr\u0151l van sz\u00f3, mikor megt\u00f6rt\u00e9nik, gyakran nagyon egyed\u00fcl maradnak az any\u00e1k, a p\u00e1rok a gy\u00e1szukban. A csal\u00e1dtagok, bar\u00e1tok sokszor nem tudj\u00e1k, hogyan reag\u00e1ljanak ebben a neh\u00e9z helyzetben, mit lehet ilyenkor mondani, hogyan lehet igaz\u00e1n seg\u00edteni&#8230; \u00edgy gyakran megt\u00f6rt\u00e9nik az, hogy n\u00e9h\u00e1ny klis\u00e9szer\u0171 mondat ut\u00e1n a sz\u00fcl\u0151p\u00e1r mag\u00e1ra marad \u00e9rz\u00e9seivel. Modern, digitaliz\u00e1lt t\u00e1rsadalmunkban a gy\u00e1sz m\u00e1r nem egy k\u00f6z\u00f6ss\u00e9gi folyamat, mint r\u00e9gen, r\u00edtusaink kikoptak, gyakran egyed\u00fcl maradunk neh\u00e9z, intenz\u00edv, hull\u00e1mz\u00f3 \u00e9rz\u00e9seinkkel.<\/p>\n\n\n\n<p class=\"has-medium-font-size\">A sz\u00fcl\u0151k k\u00f6z\u00e9 \u00e9ket verhet a vesztes\u00e9g f\u00e1jdalma \u00e9s a gy\u00e1sz. Az ap\u00e1k m\u00e1sk\u00e9ppen dolgozz\u00e1k fel gyermek\u00fck elveszt\u00e9s\u00e9t, mint az any\u00e1k. M\u00edg az any\u00e1kon gyakran els\u00f6pr\u0151 erej\u0171 f\u00e1jdalom lesz \u00farr\u00e1, az ap\u00e1k pr\u00f3b\u00e1lnak er\u0151sek maradni, t\u00e1mogatni a p\u00e1rjukat, a munk\u00e1ba temetkezni, elterelni a figyelm\u00fcket. Ez nem azt jelenti, hogy \u0151ket nem viseli meg a vesztes\u00e9g, csak \u0151k m\u00e1sk\u00e9ppen dolgozz\u00e1k fel azt.<\/p>\n\n\n\n<p class=\"has-medium-font-size\">Nagyon fontos, hogy a vesztes\u00e9gben \u00e9rintett sz\u00fcl\u0151p\u00e1r tagjai tudjanak egym\u00e1ssal besz\u00e9lget\u00e9st kezdem\u00e9nyezni, megosztani gondolataikat, \u00e9rz\u00e9seiket, kifejezni sz\u00fcks\u00e9gleteiket.<\/p>\n\n\n\n<p class=\"has-medium-font-size\">Minden vesztes\u00e9gt\u00f6rt\u00e9net \u00e9s minden gy\u00e1szfolyamat egyedi. A feldolgoz\u00e1st seg\u00edtheti a ter\u00e1pi\u00e1s t\u00e9rben megtapasztalt megtartotts\u00e1g \u00e9rz\u00e9s, hogy biztons\u00e1gos k\u00f6rnyezetben az \u00e9rz\u00e9sek, gondolatok kimondhat\u00f3v\u00e1 v\u00e1lnak, a szakember \u00edt\u00e9lkez\u00e9smentes, \u0151szinte odafordul\u00e1sa mellett.&nbsp;<\/p>\n\n\n\n<p class=\"has-medium-font-size\">Amennyiben \u00fagy \u00e9rzik, seg\u00edts\u00e9gre van sz\u00fcks\u00e9g\u00fck, keressenek bizalommal el\u00e9rhet\u0151s\u00e9geimen. Egy\u00e9ni \u00e9s p\u00e1rter\u00e1pi\u00e1s keretek k\u00f6z\u00f6tt is \u00e1llok rendelkez\u00e9s\u00fckre.<\/p>\n\n\n\n<p class=\"has-medium-font-size\">AKUT KR\u00cdZISHELYZETBEN (pl. nem v\u00e1rt terhess\u00e9g, zajl\u00f3 vesztes\u00e9g, magzatt\u00f3l val\u00f3 b\u00facs\u00faz\u00e1s lehet\u0151s\u00e9gei, beteg baba \u00e9rkez\u00e9s\u00e9vel kapcsolatos dilemm\u00e1k\u2026) lehet\u0151s\u00e9get biztos\u00edtok SORON K\u00cdV\u00dcLI konzult\u00e1ci\u00f3ra!<\/p>\n\n\n\n<div class=\"wp-block-image\"><figure class=\"aligncenter size-full is-resized\"><img decoding=\"async\" loading=\"lazy\" src=\".\/wp-content\/uploads\/2023\/01\/gyasz.jpg\" alt=\"\" class=\"wp-image-238\" width=\"570\" height=\"379\"\/><figcaption>   K\u00e9p forr\u00e1sa: https:\/\/www.teso.blog\/2022\/10\/25\/negy-dolog-amire   <font _mstmutation=\"1\" _msthash=\"929032\"><\/figcaption><\/figure><\/div>\n\n\n\n<p class=\"has-text-align-center\" style=\"font-size:10px\"><font _mstmutation=\"1\" _msthash=\"1056315\"><\/p>\n","protected":false},"excerpt":{"rendered":"<p>PERINAT\u00c1LIS VESZTES\u00c9GEK Minden 4. n\u0151 \u00e9rintett a perinat\u00e1lis vesztes\u00e9g valamilyen &hellip; <\/p>\n","protected":false},"author":2,"featured_media":385,"parent":0,"menu_order":0,"comment_status":"closed","ping_status":"closed","template":"","meta":[],"_links":{"self":[{"href":"https:\/\/csepelipszichologus.com\/index.php?rest_route=\/wp\/v2\/pages\/61"}],"collection":[{"href":"https:\/\/csepelipszichologus.com\/index.php?rest_route=\/wp\/v2\/pages"}],"about":[{"href":"https:\/\/csepelipszichologus.com\/index.php?rest_route=\/wp\/v2\/types\/page"}],"author":[{"embeddable":true,"href":"https:\/\/csepelipszichologus.com\/index.php?rest_route=\/wp\/v2\/users\/2"}],"replies":[{"embeddable":true,"href":"https:\/\/csepelipszichologus.com\/index.php?rest_route=%2Fwp%2Fv2%2Fcomments&post=61"}],"version-history":[{"count":16,"href":"https:\/\/csepelipszichologus.com\/index.php?rest_route=\/wp\/v2\/pages\/61\/revisions"}],"predecessor-version":[{"id":455,"href":"https:\/\/csepelipszichologus.com\/index.php?rest_route=\/wp\/v2\/pages\/61\/revisions\/455"}],"wp:featuredmedia":[{"embeddable":true,"href":"https:\/\/csepelipszichologus.com\/index.php?rest_route=\/wp\/v2\/media\/385"}],"wp:attachment":[{"href":"https:\/\/csepelipszichologus.com\/index.php?rest_route=%2Fwp%2Fv2%2Fmedia&parent=61"}],"curies":[{"name":"wp","href":"https:\/\/api.w.org\/{rel}","templated":true}]}}