{"id":8,"date":"2023-01-02T11:37:28","date_gmt":"2023-01-02T11:37:28","guid":{"rendered":"http:\/\/csepelipszichologus.com\/?page_id=8"},"modified":"2025-10-02T06:19:26","modified_gmt":"2025-10-02T04:19:26","slug":"bemutatkozas","status":"publish","type":"page","link":"https:\/\/csepelipszichologus.com\/?page_id=8","title":{"rendered":"R\u00f3lam"},"content":{"rendered":"\n<p style=\"font-size:25px;line-height:1.5\"><font _mstmutation=\"1\" _msthash=\"0\"><\/font><\/p>\n\n\n\n<div class=\"is-layout-flow wp-block-group\"><div class=\"wp-block-group__inner-container\">\n<div class=\"is-layout-flex wp-container-5 wp-block-columns\">\n<div class=\"is-layout-flow wp-block-column\" style=\"flex-basis:50%\">\n<p class=\"has-medium-font-size\"><font _mstmutation=\"1\" _msthash=\"1105299\" _msttexthash=\"14744379\">Szl\u00e1vik-Keller Hajnalka vagyok, pszichol\u00f3gus, perinat\u00e1lis szaktan\u00e1csad\u00f3, anya-magzat kapcsolatanalitikus, k\u00e9pz\u00e9sben l\u00e9v\u0151 p\u00e1r- \u00e9s csal\u00e1dterapeuta. H\u00e1zass\u00e1gban \u00e9lek, 3 gyermekem van. <\/font><\/p>\n\n\n\n<p style=\"font-size:18px\">Alapdiplom\u00e1mat a<strong> Debreceni Egyetem B\u00f6lcs\u00e9szettudom\u00e1nyi Kar<\/strong>\u00e1n szereztem 2009-ben, majd <strong>K\u00e1roli G\u00e1sp\u00e1r Egyetem <\/strong>mesterk\u00e9pz\u00e9s\u00e9n folytattam pszichol\u00f3giai tanulm\u00e1nyaimat, klinikai \u00e9s eg\u00e9szs\u00e9gpszichol\u00f3gia szakir\u00e1nyon (2009-2011).<\/p>\n\n\n\n<p class=\"has-text-align-left\" style=\"font-size:18px\"><font _mstmutation=\"1\" _msthash=\"986271\" _msttexthash=\"27518634\">Az egyetem elv\u00e9gz\u00e9s\u00e9t k\u00f6vet\u0151en a <strong>Borsod-Aba\u00faj-Zempl\u00e9n Megyei Egyetemi \u00e9s Oktat\u00f3k\u00f3rh\u00e1z <\/strong>Sz\u00fcl\u00e9szet-N\u0151gy\u00f3gy\u00e1szati Oszt\u00e1ly\u00e1n valamint Onkol\u00f3giai \u00e9s Sug\u00e1rter\u00e1pi\u00e1s Centrum\u00e1ban dolgoztam pszichol\u00f3gusk\u00e9nt.  <\/font><font _mstmutation=\"1\" _msthash=\"973662\"><\/font><\/p>\n\n\n\n<p style=\"font-size:18px\"> Az <strong>ELTE Perinat\u00e1lis Szaktan\u00e1csad\u00f3<\/strong> Szakir\u00e1ny\u00fa tov\u00e1bbk\u00e9pz\u00e9s\u00e9n 2022 tavasz\u00e1n szereztem diplom\u00e1t.  Ezt k\u00f6vet\u0151en a Semmelweis Egyetem \u00e1ltal akkredit\u00e1lt <strong>anya-magzat kapcsolatanal\u00edzis<\/strong> m\u00f3dszer\u00e9t saj\u00e1t\u00edtottam el. <font _mstmutation=\"1\" _msthash=\"1089114\"><\/p>\n<\/div>\n\n\n\n<div class=\"is-layout-flow wp-block-column\"><\/div>\n\n\n\n<div class=\"is-layout-flow wp-block-column\"><\/div>\n\n\n\n<div class=\"is-layout-flow wp-block-column\" style=\"flex-basis:50%\"><div class=\"wp-block-image\">\n<figure class=\"aligncenter size-full is-resized\"><img decoding=\"async\" loading=\"lazy\" src=\"https:\/\/csepelipszichologus.com\/wp-content\/uploads\/2023\/08\/kep2023.jpg\" alt=\"\" class=\"wp-image-511\" width=\"294\" height=\"396\"\/><figcaption class=\"wp-element-caption\"><font _mstmutation=\"1\" _msthash=\"938340\"><\/font><\/figcaption><\/figure><\/div><\/div>\n<\/div>\n<\/div><\/div>\n\n\n\n<p class=\"has-medium-font-size\" style=\"line-height:1.5\">Jelenleg a Magyar Csal\u00e1dter\u00e1pi\u00e1s Egyes\u00fcletn\u00e9l vagyok k\u00e9pz\u00e9sben l\u00e9v\u0151 p\u00e1r- \u00e9s csal\u00e1dterapeuta, a k\u00e9pz\u00e9si folyamat v\u00e9g\u00e9n, z\u00e1r\u00f3vizsga el\u0151tt \u00e1llok.  &nbsp;&nbsp;&nbsp;<\/p>\n\n\n\n<p class=\"has-medium-font-size\" style=\"line-height:1.5\">2022 \u00e1prilisa \u00f3ta mag\u00e1npraxis keret\u00e9ben dolgozom, a Budapest 21. ker\u00fclet\u00e9ben tal\u00e1lhat\u00f3 <strong>Test<\/strong>&#8211;<strong>besz\u00e9d rendel\u0151<\/strong>ben k\u00eds\u00e9rek egy\u00e9ni \u00e9s p\u00e1rter\u00e1pi\u00e1s folyamatokat. Lehet\u0151s\u00e9get biztos\u00edtok online konzult\u00e1ci\u00f3ra is. <\/p>\n\n\n\n<p class=\"has-medium-font-size\" style=\"line-height:1.5\">Szakmai k\u00f6z\u00f6ss\u00e9gek: <\/p>\n\n\n\n<p class=\"has-medium-font-size\" style=\"line-height:1.5\">A <strong>Perinatus<\/strong> <strong>Alap\u00edtv\u00e1ny<\/strong> munkat\u00e1rsa vagyok 2023 \u0151sz\u00e9t\u0151l. <\/p>\n\n\n\n<p class=\"has-medium-font-size\">Szint\u00e9n ekkor csatlakoztam az <strong>\u00c9let.\u00c9rz\u00e9s Egyes\u00fclet<\/strong> szak\u00e9rt\u0151i csapat\u00e1hoz.  <\/p>\n\n\n\n<p class=\"has-medium-font-size\">Szakmai tags\u00e1gok:<\/p>\n\n\n\n<ul>\n<li>Magyar Csal\u00e1dter\u00e1pi\u00e1s Egyes\u00fclet<\/li>\n\n\n\n<li>Magyar Pre- \u00e9s Perinat\u00e1lis Pszichol\u00f3giai \u00e9s Orvostudom\u00e1nyi T\u00e1rsas\u00e1g<\/li>\n<\/ul>\n","protected":false},"excerpt":{"rendered":"<p>Szl\u00e1vik-Keller Hajnalka vagyok, pszichol\u00f3gus, perinat\u00e1lis szaktan\u00e1csad\u00f3, anya-magzat kapcsolatanalitikus, k\u00e9pz\u00e9sben l\u00e9v\u0151 &hellip; <\/p>\n","protected":false},"author":2,"featured_media":415,"parent":0,"menu_order":0,"comment_status":"closed","ping_status":"closed","template":"","meta":[],"_links":{"self":[{"href":"https:\/\/csepelipszichologus.com\/index.php?rest_route=\/wp\/v2\/pages\/8"}],"collection":[{"href":"https:\/\/csepelipszichologus.com\/index.php?rest_route=\/wp\/v2\/pages"}],"about":[{"href":"https:\/\/csepelipszichologus.com\/index.php?rest_route=\/wp\/v2\/types\/page"}],"author":[{"embeddable":true,"href":"https:\/\/csepelipszichologus.com\/index.php?rest_route=\/wp\/v2\/users\/2"}],"replies":[{"embeddable":true,"href":"https:\/\/csepelipszichologus.com\/index.php?rest_route=%2Fwp%2Fv2%2Fcomments&post=8"}],"version-history":[{"count":47,"href":"https:\/\/csepelipszichologus.com\/index.php?rest_route=\/wp\/v2\/pages\/8\/revisions"}],"predecessor-version":[{"id":558,"href":"https:\/\/csepelipszichologus.com\/index.php?rest_route=\/wp\/v2\/pages\/8\/revisions\/558"}],"wp:featuredmedia":[{"embeddable":true,"href":"https:\/\/csepelipszichologus.com\/index.php?rest_route=\/wp\/v2\/media\/415"}],"wp:attachment":[{"href":"https:\/\/csepelipszichologus.com\/index.php?rest_route=%2Fwp%2Fv2%2Fmedia&parent=8"}],"curies":[{"name":"wp","href":"https:\/\/api.w.org\/{rel}","templated":true}]}}